{"id":595,"date":"2025-10-10T18:20:33","date_gmt":"2025-10-10T18:20:33","guid":{"rendered":"https:\/\/kitdeinicio.com\/canteras\/?page_id=595"},"modified":"2025-11-25T14:53:31","modified_gmt":"2025-11-25T13:53:31","slug":"fabricante-escollera","status":"publish","type":"page","link":"https:\/\/kitdeinicio.com\/canteras\/productos\/fabricante-escollera\/","title":{"rendered":"Fabricante de escollera"},"content":{"rendered":"\t\t<div data-elementor-type=\"wp-page\" data-elementor-id=\"595\" class=\"elementor elementor-595\" data-elementor-post-type=\"page\">\n\t\t\t\t\t\t<section class=\"elementor-section elementor-top-section elementor-element elementor-element-d277672 elementor-section-stretched elementor-section-height-min-height elementor-section-items-stretch elementor-section-boxed elementor-section-height-default\" data-id=\"d277672\" data-element_type=\"section\" data-e-type=\"section\" data-settings=\"{&quot;background_background&quot;:&quot;classic&quot;,&quot;shape_divider_bottom&quot;:&quot;mountains&quot;,&quot;stretch_section&quot;:&quot;section-stretched&quot;}\">\n\t\t\t\t\t\t\t<div class=\"elementor-background-overlay\"><\/div>\n\t\t\t\t\t\t<div class=\"elementor-shape elementor-shape-bottom\" aria-hidden=\"true\" data-negative=\"false\">\n\t\t\t<svg xmlns=\"http:\/\/www.w3.org\/2000\/svg\" viewBox=\"0 0 1000 100\" preserveAspectRatio=\"none\">\n\t<path class=\"elementor-shape-fill\" opacity=\"0.33\" d=\"M473,67.3c-203.9,88.3-263.1-34-320.3,0C66,119.1,0,59.7,0,59.7V0h1000v59.7 c0,0-62.1,26.1-94.9,29.3c-32.8,3.3-62.8-12.3-75.8-22.1C806,49.6,745.3,8.7,694.9,4.7S492.4,59,473,67.3z\"\/>\n\t<path class=\"elementor-shape-fill\" opacity=\"0.66\" d=\"M734,67.3c-45.5,0-77.2-23.2-129.1-39.1c-28.6-8.7-150.3-10.1-254,39.1 s-91.7-34.4-149.2,0C115.7,118.3,0,39.8,0,39.8V0h1000v36.5c0,0-28.2-18.5-92.1-18.5C810.2,18.1,775.7,67.3,734,67.3z\"\/>\n\t<path class=\"elementor-shape-fill\" d=\"M766.1,28.9c-200-57.5-266,65.5-395.1,19.5C242,1.8,242,5.4,184.8,20.6C128,35.8,132.3,44.9,89.9,52.5C28.6,63.7,0,0,0,0 h1000c0,0-9.9,40.9-83.6,48.1S829.6,47,766.1,28.9z\"\/>\n<\/svg>\t\t<\/div>\n\t\t\t\t\t<div class=\"elementor-container elementor-column-gap-default\">\n\t\t\t\t\t<div class=\"elementor-column elementor-col-50 elementor-top-column elementor-element elementor-element-2f8b937\" data-id=\"2f8b937\" data-element_type=\"column\" data-e-type=\"column\">\n\t\t\t<div class=\"elementor-widget-wrap elementor-element-populated\">\n\t\t\t\t\t\t<div class=\"elementor-element elementor-element-ff09640 elementor-tablet-align-center elementor-widget elementor-widget-breadcrumbs\" data-id=\"ff09640\" data-element_type=\"widget\" data-e-type=\"widget\" data-widget_type=\"breadcrumbs.default\">\n\t\t\t\t\t<nav id=\"breadcrumbs\"><span><span><a href=\"https:\/\/kitdeinicio.com\/canteras\/\">Portada<\/a><\/span><\/span><\/nav>\t\t\t\t<\/div>\n\t\t\t\t<div class=\"elementor-element elementor-element-63c04b6 elementor-invisible elementor-widget elementor-widget-heading\" data-id=\"63c04b6\" data-element_type=\"widget\" data-e-type=\"widget\" data-settings=\"{&quot;_animation&quot;:&quot;fadeInUp&quot;,&quot;_animation_delay&quot;:200}\" data-widget_type=\"heading.default\">\n\t\t\t\t\t<h1 class=\"elementor-heading-title elementor-size-default\">Fabricante de Escollera en La Rioja y alrededores<\/h1>\t\t\t\t<\/div>\n\t\t\t\t<section class=\"elementor-section elementor-inner-section elementor-element elementor-element-2050157 elementor-section-boxed elementor-section-height-default elementor-section-height-default\" data-id=\"2050157\" data-element_type=\"section\" data-e-type=\"section\">\n\t\t\t\t\t\t<div class=\"elementor-container elementor-column-gap-default\">\n\t\t\t\t\t<div class=\"elementor-column elementor-col-100 elementor-inner-column elementor-element elementor-element-0b7a2a9\" data-id=\"0b7a2a9\" data-element_type=\"column\" data-e-type=\"column\">\n\t\t\t<div class=\"elementor-widget-wrap elementor-element-populated\">\n\t\t\t\t\t\t<div class=\"elementor-element elementor-element-f7a25f1 elementor-align-left elementor-mobile-align-center elementor-tablet-align-center elementor-widget elementor-widget-button\" data-id=\"f7a25f1\" data-element_type=\"widget\" data-e-type=\"widget\" data-widget_type=\"button.default\">\n\t\t\t\t\t\t\t\t\t\t<a class=\"elementor-button elementor-button-link elementor-size-sm\" href=\"#producto\">\n\t\t\t\t\t\t<span class=\"elementor-button-content-wrapper\">\n\t\t\t\t\t\t\t\t\t<span class=\"elementor-button-text\">Ver producto<\/span>\n\t\t\t\t\t<\/span>\n\t\t\t\t\t<\/a>\n\t\t\t\t\t\t\t\t<\/div>\n\t\t\t\t\t<\/div>\n\t\t<\/div>\n\t\t\t\t\t<\/div>\n\t\t<\/section>\n\t\t\t\t\t<\/div>\n\t\t<\/div>\n\t\t\t\t<div class=\"elementor-column elementor-col-50 elementor-top-column elementor-element elementor-element-acd96ed\" data-id=\"acd96ed\" data-element_type=\"column\" data-e-type=\"column\">\n\t\t\t<div class=\"elementor-widget-wrap\">\n\t\t\t\t\t\t\t<\/div>\n\t\t<\/div>\n\t\t\t\t\t<\/div>\n\t\t<\/section>\n\t\t\t\t<section class=\"elementor-section elementor-top-section elementor-element elementor-element-fbacd45 elementor-section-stretched elementor-section-boxed elementor-section-height-default elementor-section-height-default\" data-id=\"fbacd45\" data-element_type=\"section\" data-e-type=\"section\" data-settings=\"{&quot;stretch_section&quot;:&quot;section-stretched&quot;,&quot;background_background&quot;:&quot;gradient&quot;}\">\n\t\t\t\t\t\t\t<div class=\"elementor-background-overlay\"><\/div>\n\t\t\t\t\t\t\t<div class=\"elementor-container elementor-column-gap-no\">\n\t\t\t\t\t<div class=\"elementor-column elementor-col-100 elementor-top-column elementor-element elementor-element-bbbb247\" data-id=\"bbbb247\" data-element_type=\"column\" data-e-type=\"column\">\n\t\t\t<div class=\"elementor-widget-wrap elementor-element-populated\">\n\t\t\t\t\t\t<section class=\"elementor-section elementor-inner-section elementor-element elementor-element-e17cd74 elementor-reverse-tablet elementor-reverse-mobile elementor-section-boxed elementor-section-height-default elementor-section-height-default\" data-id=\"e17cd74\" data-element_type=\"section\" data-e-type=\"section\" id=\"producto\">\n\t\t\t\t\t\t<div class=\"elementor-container elementor-column-gap-default\">\n\t\t\t\t\t<div class=\"elementor-column elementor-col-50 elementor-inner-column elementor-element elementor-element-6c37966\" data-id=\"6c37966\" data-element_type=\"column\" data-e-type=\"column\">\n\t\t\t<div class=\"elementor-widget-wrap elementor-element-populated\">\n\t\t\t\t\t\t<div class=\"elementor-element elementor-element-b7d8de7 elementor-widget elementor-widget-image\" data-id=\"b7d8de7\" data-element_type=\"widget\" data-e-type=\"widget\" data-widget_type=\"image.default\">\n\t\t\t\t\t\t\t\t\t\t\t\t\t\t\t<img decoding=\"async\" src=\"https:\/\/kitdeinicio.com\/canteras\/wp-content\/uploads\/2025\/10\/Grupo-324-1.png\" title=\"Productor de escollera en La Rioja y alrededores\" alt=\"Distribuidor de escollera en La Rioja y alrededores\" loading=\"lazy\" \/>\t\t\t\t\t\t\t\t\t\t\t\t\t\t\t<\/div>\n\t\t\t\t\t<\/div>\n\t\t<\/div>\n\t\t\t\t<div class=\"elementor-column elementor-col-50 elementor-inner-column elementor-element elementor-element-7cd05f4\" data-id=\"7cd05f4\" data-element_type=\"column\" data-e-type=\"column\">\n\t\t\t<div class=\"elementor-widget-wrap elementor-element-populated\">\n\t\t\t\t\t\t<div class=\"elementor-element elementor-element-d821a42 elementor-invisible elementor-widget elementor-widget-heading\" data-id=\"d821a42\" data-element_type=\"widget\" data-e-type=\"widget\" data-settings=\"{&quot;_animation&quot;:&quot;fadeInUp&quot;}\" data-widget_type=\"heading.default\">\n\t\t\t\t\t<h2 class=\"elementor-heading-title elementor-size-default\">Muros y taludes seguros con acabado natural<\/h2>\t\t\t\t<\/div>\n\t\t\t\t<div class=\"elementor-element elementor-element-aeb56e1 elementor-invisible elementor-widget elementor-widget-heading\" data-id=\"aeb56e1\" data-element_type=\"widget\" data-e-type=\"widget\" data-settings=\"{&quot;_animation&quot;:&quot;fadeInUp&quot;,&quot;_animation_delay&quot;:200}\" data-widget_type=\"heading.default\">\n\t\t\t\t\t<h2 class=\"elementor-heading-title elementor-size-default\">Fabricamos y distribuimos escollera para contenci\u00f3n de taludes, muros decorativa.<\/h2>\t\t\t\t<\/div>\n\t\t\t\t<div class=\"elementor-element elementor-element-859ecfe elementor-widget elementor-widget-text-editor\" data-id=\"859ecfe\" data-element_type=\"widget\" data-e-type=\"widget\" data-widget_type=\"text-editor.default\">\n\t\t\t\t\t\t\t\t\t<p>Extra\u00edda y seleccionada en nuestra cantera de La Rioja, nuestra escollera caliza se suministra por tonelaje y, si lo necesitas, ejecutamos la colocaci\u00f3n con maquinaria y operadores propios. Ideal para contenci\u00f3n de taludes, protecci\u00f3n de riberas y muros decorativos en fincas y bodegas. Trabajamos para administraciones, constructoras de obra civil, estudios de arquitectura y particulares. Cobertura La Rioja, Navarra y \u00c1lava.<\/p>\t\t\t\t\t\t\t\t<\/div>\n\t\t\t\t<div class=\"elementor-element elementor-element-f1e745b elementor-widget__width-inherit elementor-widget-mobile__width-inherit elementor-tablet-align-center elementor-icon-list--layout-traditional elementor-list-item-link-full_width elementor-widget elementor-widget-icon-list\" data-id=\"f1e745b\" data-element_type=\"widget\" data-e-type=\"widget\" data-widget_type=\"icon-list.default\">\n\t\t\t\t\t\t\t<ul class=\"elementor-icon-list-items\">\n\t\t\t\t\t\t\t<li class=\"elementor-icon-list-item\">\n\t\t\t\t\t\t\t\t\t\t\t<span class=\"elementor-icon-list-icon\">\n\t\t\t\t\t\t\t<svg aria-hidden=\"true\" class=\"e-font-icon-svg e-fas-check\" viewBox=\"0 0 512 512\" xmlns=\"http:\/\/www.w3.org\/2000\/svg\"><path d=\"M173.898 439.404l-166.4-166.4c-9.997-9.997-9.997-26.206 0-36.204l36.203-36.204c9.997-9.998 26.207-9.998 36.204 0L192 312.69 432.095 72.596c9.997-9.997 26.207-9.997 36.204 0l36.203 36.204c9.997 9.997 9.997 26.206 0 36.204l-294.4 294.401c-9.998 9.997-26.207 9.997-36.204-.001z\"><\/path><\/svg>\t\t\t\t\t\t<\/span>\n\t\t\t\t\t\t\t\t\t\t<span class=\"elementor-icon-list-text\">Calidad y log\u00edstica: Marcado CE, control dimensional por rangos, carga \u00e1gil y entrega con camiones ba\u00f1era\/dumpers.<\/span>\n\t\t\t\t\t\t\t\t\t<\/li>\n\t\t\t\t\t\t<\/ul>\n\t\t\t\t\t\t<\/div>\n\t\t<div class=\"elementor-element elementor-element-c06b436 e-flex e-con-boxed e-con e-parent\" data-id=\"c06b436\" data-element_type=\"container\" data-e-type=\"container\">\n\t\t\t\t\t<div class=\"e-con-inner\">\n\t\t\t\t<div class=\"elementor-element elementor-element-03babe6 elementor-align-left elementor-mobile-align-center elementor-widget elementor-widget-button\" data-id=\"03babe6\" data-element_type=\"widget\" data-e-type=\"widget\" data-widget_type=\"button.default\">\n\t\t\t\t\t\t\t\t\t\t<a class=\"elementor-button elementor-button-link elementor-size-sm\" href=\"https:\/\/kitdeinicio.com\/canteras\/contacto\/\">\n\t\t\t\t\t\t<span class=\"elementor-button-content-wrapper\">\n\t\t\t\t\t\t<span class=\"elementor-button-icon\">\n\t\t\t\t<svg aria-hidden=\"true\" class=\"e-font-icon-svg e-far-envelope\" viewBox=\"0 0 512 512\" xmlns=\"http:\/\/www.w3.org\/2000\/svg\"><path d=\"M464 64H48C21.49 64 0 85.49 0 112v288c0 26.51 21.49 48 48 48h416c26.51 0 48-21.49 48-48V112c0-26.51-21.49-48-48-48zm0 48v40.805c-22.422 18.259-58.168 46.651-134.587 106.49-16.841 13.247-50.201 45.072-73.413 44.701-23.208.375-56.579-31.459-73.413-44.701C106.18 199.465 70.425 171.067 48 152.805V112h416zM48 400V214.398c22.914 18.251 55.409 43.862 104.938 82.646 21.857 17.205 60.134 55.186 103.062 54.955 42.717.231 80.509-37.199 103.053-54.947 49.528-38.783 82.032-64.401 104.947-82.653V400H48z\"><\/path><\/svg>\t\t\t<\/span>\n\t\t\t\t\t\t\t\t\t<span class=\"elementor-button-text\">Contacta<\/span>\n\t\t\t\t\t<\/span>\n\t\t\t\t\t<\/a>\n\t\t\t\t\t\t\t\t<\/div>\n\t\t\t\t<div class=\"elementor-element elementor-element-60caa14 elementor-align-left elementor-mobile-align-center elementor-widget elementor-widget-button\" data-id=\"60caa14\" data-element_type=\"widget\" data-e-type=\"widget\" data-widget_type=\"button.default\">\n\t\t\t\t\t\t\t\t\t\t<a class=\"elementor-button elementor-button-link elementor-size-sm\" href=\"http:\/\/tel.+34941254010\" target=\"_blank\" rel=\"nofollow\">\n\t\t\t\t\t\t<span class=\"elementor-button-content-wrapper\">\n\t\t\t\t\t\t<span class=\"elementor-button-icon\">\n\t\t\t\t<svg aria-hidden=\"true\" class=\"e-font-icon-svg e-fas-phone-alt\" viewBox=\"0 0 512 512\" xmlns=\"http:\/\/www.w3.org\/2000\/svg\"><path d=\"M497.39 361.8l-112-48a24 24 0 0 0-28 6.9l-49.6 60.6A370.66 370.66 0 0 1 130.6 204.11l60.6-49.6a23.94 23.94 0 0 0 6.9-28l-48-112A24.16 24.16 0 0 0 122.6.61l-104 24A24 24 0 0 0 0 48c0 256.5 207.9 464 464 464a24 24 0 0 0 23.4-18.6l24-104a24.29 24.29 0 0 0-14.01-27.6z\"><\/path><\/svg>\t\t\t<\/span>\n\t\t\t\t\t\t\t\t\t<span class=\"elementor-button-text\">941 25 40 10<\/span>\n\t\t\t\t\t<\/span>\n\t\t\t\t\t<\/a>\n\t\t\t\t\t\t\t\t<\/div>\n\t\t\t\t\t<\/div>\n\t\t\t\t<\/div>\n\t\t\t\t\t<\/div>\n\t\t<\/div>\n\t\t\t\t\t<\/div>\n\t\t<\/section>\n\t\t\t\t\t<\/div>\n\t\t<\/div>\n\t\t\t\t\t<\/div>\n\t\t<\/section>\n\t\t\t\t<\/div>\n\t\t","protected":false},"excerpt":{"rendered":"<p>Fabricante de Escollera en La Rioja y alrededores Ver producto Muros y taludes seguros con acabado natural Fabricamos y distribuimos [&hellip;]<\/p>\n","protected":false},"author":1,"featured_media":0,"parent":120,"menu_order":0,"comment_status":"closed","ping_status":"closed","template":"","meta":{"site-sidebar-layout":"default","site-content-layout":"","ast-site-content-layout":"default","site-content-style":"default","site-sidebar-style":"default","ast-global-header-display":"","ast-banner-title-visibility":"","ast-main-header-display":"","ast-hfb-above-header-display":"","ast-hfb-below-header-display":"","ast-hfb-mobile-header-display":"","site-post-title":"disabled","ast-breadcrumbs-content":"","ast-featured-img":"","footer-sml-layout":"","ast-disable-related-posts":"","theme-transparent-header-meta":"default","adv-header-id-meta":"","stick-header-meta":"","header-above-stick-meta":"","header-main-stick-meta":"","header-below-stick-meta":"","astra-migrate-meta-layouts":"set","ast-page-background-enabled":"default","ast-page-background-meta":{"desktop":{"background-color":"var(--ast-global-color-5)","background-image":"","background-repeat":"repeat","background-position":"center center","background-size":"auto","background-attachment":"scroll","background-type":"","background-media":"","overlay-type":"","overlay-color":"","overlay-opacity":"","overlay-gradient":""},"tablet":{"background-color":"","background-image":"","background-repeat":"repeat","background-position":"center center","background-size":"auto","background-attachment":"scroll","background-type":"","background-media":"","overlay-type":"","overlay-color":"","overlay-opacity":"","overlay-gradient":""},"mobile":{"background-color":"","background-image":"","background-repeat":"repeat","background-position":"center center","background-size":"auto","background-attachment":"scroll","background-type":"","background-media":"","overlay-type":"","overlay-color":"","overlay-opacity":"","overlay-gradient":""}},"ast-content-background-meta":{"desktop":{"background-color":"var(--ast-global-color-4)","background-image":"","background-repeat":"repeat","background-position":"center center","background-size":"auto","background-attachment":"scroll","background-type":"","background-media":"","overlay-type":"","overlay-color":"","overlay-opacity":"","overlay-gradient":""},"tablet":{"background-color":"var(--ast-global-color-4)","background-image":"","background-repeat":"repeat","background-position":"center center","background-size":"auto","background-attachment":"scroll","background-type":"","background-media":"","overlay-type":"","overlay-color":"","overlay-opacity":"","overlay-gradient":""},"mobile":{"background-color":"var(--ast-global-color-4)","background-image":"","background-repeat":"repeat","background-position":"center center","background-size":"auto","background-attachment":"scroll","background-type":"","background-media":"","overlay-type":"","overlay-color":"","overlay-opacity":"","overlay-gradient":""}},"footnotes":""},"class_list":["post-595","page","type-page","status-publish","hentry"],"yoast_head":"<!-- This site is optimized with the Yoast SEO plugin v27.4 - https:\/\/yoast.com\/product\/yoast-seo-wordpress\/ -->\n<title>Fabricante de escollera en La Rioja y alrededores - Canteras Fernandez Pascual<\/title>\n<meta name=\"description\" content=\"Fabricamos y distribuimos escollera para contenci\u00f3n de taludes, muros decorativa. Calidad y log\u00edstica: Marcado CE\" \/>\n<meta name=\"robots\" content=\"index, follow, max-snippet:-1, max-image-preview:large, max-video-preview:-1\" \/>\n<link rel=\"canonical\" href=\"https:\/\/kitdeinicio.com\/canteras\/productos\/fabricante-escollera\/\" \/>\n<meta property=\"og:locale\" content=\"es_ES\" \/>\n<meta property=\"og:type\" content=\"article\" \/>\n<meta property=\"og:title\" content=\"Fabricante de escollera en La Rioja y alrededores - Canteras Fernandez Pascual\" \/>\n<meta property=\"og:description\" content=\"Fabricamos y distribuimos escollera para contenci\u00f3n de taludes, muros decorativa. Calidad y log\u00edstica: Marcado CE\" \/>\n<meta property=\"og:url\" content=\"https:\/\/kitdeinicio.com\/canteras\/productos\/fabricante-escollera\/\" \/>\n<meta property=\"og:site_name\" content=\"Canteras Fernandez Pascual\" \/>\n<meta property=\"article:modified_time\" content=\"2025-11-25T13:53:31+00:00\" \/>\n<meta property=\"og:image\" content=\"https:\/\/kitdeinicio.com\/canteras\/wp-content\/uploads\/2025\/10\/Grupo-324-1.png\" \/>\n<meta name=\"twitter:card\" content=\"summary_large_image\" \/>\n<meta name=\"twitter:label1\" content=\"Tiempo de lectura\" \/>\n\t<meta name=\"twitter:data1\" content=\"1 minuto\" \/>\n<script type=\"application\/ld+json\" class=\"yoast-schema-graph\">{\"@context\":\"https:\\\/\\\/schema.org\",\"@graph\":[{\"@type\":\"WebPage\",\"@id\":\"https:\\\/\\\/kitdeinicio.com\\\/canteras\\\/productos\\\/fabricante-escollera\\\/\",\"url\":\"https:\\\/\\\/kitdeinicio.com\\\/canteras\\\/productos\\\/fabricante-escollera\\\/\",\"name\":\"Fabricante de escollera en La Rioja y alrededores - Canteras Fernandez Pascual\",\"isPartOf\":{\"@id\":\"https:\\\/\\\/kitdeinicio.com\\\/canteras\\\/#website\"},\"primaryImageOfPage\":{\"@id\":\"https:\\\/\\\/kitdeinicio.com\\\/canteras\\\/productos\\\/fabricante-escollera\\\/#primaryimage\"},\"image\":{\"@id\":\"https:\\\/\\\/kitdeinicio.com\\\/canteras\\\/productos\\\/fabricante-escollera\\\/#primaryimage\"},\"thumbnailUrl\":\"https:\\\/\\\/kitdeinicio.com\\\/canteras\\\/wp-content\\\/uploads\\\/2025\\\/10\\\/Grupo-324-1.png\",\"datePublished\":\"2025-10-10T18:20:33+00:00\",\"dateModified\":\"2025-11-25T13:53:31+00:00\",\"description\":\"Fabricamos y distribuimos escollera para contenci\u00f3n de taludes, muros decorativa. Calidad y log\u00edstica: Marcado CE\",\"breadcrumb\":{\"@id\":\"https:\\\/\\\/kitdeinicio.com\\\/canteras\\\/productos\\\/fabricante-escollera\\\/#breadcrumb\"},\"inLanguage\":\"es\",\"potentialAction\":[{\"@type\":\"ReadAction\",\"target\":[\"https:\\\/\\\/kitdeinicio.com\\\/canteras\\\/productos\\\/fabricante-escollera\\\/\"]}]},{\"@type\":\"ImageObject\",\"inLanguage\":\"es\",\"@id\":\"https:\\\/\\\/kitdeinicio.com\\\/canteras\\\/productos\\\/fabricante-escollera\\\/#primaryimage\",\"url\":\"https:\\\/\\\/kitdeinicio.com\\\/canteras\\\/wp-content\\\/uploads\\\/2025\\\/10\\\/Grupo-324-1.png\",\"contentUrl\":\"https:\\\/\\\/kitdeinicio.com\\\/canteras\\\/wp-content\\\/uploads\\\/2025\\\/10\\\/Grupo-324-1.png\",\"width\":410,\"height\":622,\"caption\":\"Distribuidor de escollera en La Rioja y alrededores\"},{\"@type\":\"BreadcrumbList\",\"@id\":\"https:\\\/\\\/kitdeinicio.com\\\/canteras\\\/productos\\\/fabricante-escollera\\\/#breadcrumb\",\"itemListElement\":[{\"@type\":\"ListItem\",\"position\":1,\"name\":\"Portada\",\"item\":\"https:\\\/\\\/kitdeinicio.com\\\/canteras\\\/\"},{\"@type\":\"ListItem\",\"position\":2,\"name\":\"Productos\",\"item\":\"https:\\\/\\\/kitdeinicio.com\\\/canteras\\\/productos\\\/\"},{\"@type\":\"ListItem\",\"position\":3,\"name\":\"Fabricante de escollera\"}]},{\"@type\":\"WebSite\",\"@id\":\"https:\\\/\\\/kitdeinicio.com\\\/canteras\\\/#website\",\"url\":\"https:\\\/\\\/kitdeinicio.com\\\/canteras\\\/\",\"name\":\"Canteras Fernandez Pascual\",\"description\":\"Cantera de \u00e1ridos calizos en La Rioja\",\"publisher\":{\"@id\":\"https:\\\/\\\/kitdeinicio.com\\\/canteras\\\/#organization\"},\"potentialAction\":[{\"@type\":\"SearchAction\",\"target\":{\"@type\":\"EntryPoint\",\"urlTemplate\":\"https:\\\/\\\/kitdeinicio.com\\\/canteras\\\/?s={search_term_string}\"},\"query-input\":{\"@type\":\"PropertyValueSpecification\",\"valueRequired\":true,\"valueName\":\"search_term_string\"}}],\"inLanguage\":\"es\"},{\"@type\":\"Organization\",\"@id\":\"https:\\\/\\\/kitdeinicio.com\\\/canteras\\\/#organization\",\"name\":\"Canteras Fernandez Pascual\",\"url\":\"https:\\\/\\\/kitdeinicio.com\\\/canteras\\\/\",\"logo\":{\"@type\":\"ImageObject\",\"inLanguage\":\"es\",\"@id\":\"https:\\\/\\\/kitdeinicio.com\\\/canteras\\\/#\\\/schema\\\/logo\\\/image\\\/\",\"url\":\"https:\\\/\\\/kitdeinicio.com\\\/canteras\\\/wp-content\\\/uploads\\\/2025\\\/10\\\/canteras-Fernamdez-LOGO-1.png\",\"contentUrl\":\"https:\\\/\\\/kitdeinicio.com\\\/canteras\\\/wp-content\\\/uploads\\\/2025\\\/10\\\/canteras-Fernamdez-LOGO-1.png\",\"width\":146,\"height\":99,\"caption\":\"Canteras Fernandez Pascual\"},\"image\":{\"@id\":\"https:\\\/\\\/kitdeinicio.com\\\/canteras\\\/#\\\/schema\\\/logo\\\/image\\\/\"}}]}<\/script>\n<!-- \/ Yoast SEO plugin. -->","yoast_head_json":{"title":"Fabricante de escollera en La Rioja y alrededores - Canteras Fernandez Pascual","description":"Fabricamos y distribuimos escollera para contenci\u00f3n de taludes, muros decorativa. Calidad y log\u00edstica: Marcado CE","robots":{"index":"index","follow":"follow","max-snippet":"max-snippet:-1","max-image-preview":"max-image-preview:large","max-video-preview":"max-video-preview:-1"},"canonical":"https:\/\/kitdeinicio.com\/canteras\/productos\/fabricante-escollera\/","og_locale":"es_ES","og_type":"article","og_title":"Fabricante de escollera en La Rioja y alrededores - Canteras Fernandez Pascual","og_description":"Fabricamos y distribuimos escollera para contenci\u00f3n de taludes, muros decorativa. Calidad y log\u00edstica: Marcado CE","og_url":"https:\/\/kitdeinicio.com\/canteras\/productos\/fabricante-escollera\/","og_site_name":"Canteras Fernandez Pascual","article_modified_time":"2025-11-25T13:53:31+00:00","og_image":[{"url":"https:\/\/kitdeinicio.com\/canteras\/wp-content\/uploads\/2025\/10\/Grupo-324-1.png","type":"","width":"","height":""}],"twitter_card":"summary_large_image","twitter_misc":{"Tiempo de lectura":"1 minuto"},"schema":{"@context":"https:\/\/schema.org","@graph":[{"@type":"WebPage","@id":"https:\/\/kitdeinicio.com\/canteras\/productos\/fabricante-escollera\/","url":"https:\/\/kitdeinicio.com\/canteras\/productos\/fabricante-escollera\/","name":"Fabricante de escollera en La Rioja y alrededores - Canteras Fernandez Pascual","isPartOf":{"@id":"https:\/\/kitdeinicio.com\/canteras\/#website"},"primaryImageOfPage":{"@id":"https:\/\/kitdeinicio.com\/canteras\/productos\/fabricante-escollera\/#primaryimage"},"image":{"@id":"https:\/\/kitdeinicio.com\/canteras\/productos\/fabricante-escollera\/#primaryimage"},"thumbnailUrl":"https:\/\/kitdeinicio.com\/canteras\/wp-content\/uploads\/2025\/10\/Grupo-324-1.png","datePublished":"2025-10-10T18:20:33+00:00","dateModified":"2025-11-25T13:53:31+00:00","description":"Fabricamos y distribuimos escollera para contenci\u00f3n de taludes, muros decorativa. Calidad y log\u00edstica: Marcado CE","breadcrumb":{"@id":"https:\/\/kitdeinicio.com\/canteras\/productos\/fabricante-escollera\/#breadcrumb"},"inLanguage":"es","potentialAction":[{"@type":"ReadAction","target":["https:\/\/kitdeinicio.com\/canteras\/productos\/fabricante-escollera\/"]}]},{"@type":"ImageObject","inLanguage":"es","@id":"https:\/\/kitdeinicio.com\/canteras\/productos\/fabricante-escollera\/#primaryimage","url":"https:\/\/kitdeinicio.com\/canteras\/wp-content\/uploads\/2025\/10\/Grupo-324-1.png","contentUrl":"https:\/\/kitdeinicio.com\/canteras\/wp-content\/uploads\/2025\/10\/Grupo-324-1.png","width":410,"height":622,"caption":"Distribuidor de escollera en La Rioja y alrededores"},{"@type":"BreadcrumbList","@id":"https:\/\/kitdeinicio.com\/canteras\/productos\/fabricante-escollera\/#breadcrumb","itemListElement":[{"@type":"ListItem","position":1,"name":"Portada","item":"https:\/\/kitdeinicio.com\/canteras\/"},{"@type":"ListItem","position":2,"name":"Productos","item":"https:\/\/kitdeinicio.com\/canteras\/productos\/"},{"@type":"ListItem","position":3,"name":"Fabricante de escollera"}]},{"@type":"WebSite","@id":"https:\/\/kitdeinicio.com\/canteras\/#website","url":"https:\/\/kitdeinicio.com\/canteras\/","name":"Canteras Fernandez Pascual","description":"Cantera de \u00e1ridos calizos en La Rioja","publisher":{"@id":"https:\/\/kitdeinicio.com\/canteras\/#organization"},"potentialAction":[{"@type":"SearchAction","target":{"@type":"EntryPoint","urlTemplate":"https:\/\/kitdeinicio.com\/canteras\/?s={search_term_string}"},"query-input":{"@type":"PropertyValueSpecification","valueRequired":true,"valueName":"search_term_string"}}],"inLanguage":"es"},{"@type":"Organization","@id":"https:\/\/kitdeinicio.com\/canteras\/#organization","name":"Canteras Fernandez Pascual","url":"https:\/\/kitdeinicio.com\/canteras\/","logo":{"@type":"ImageObject","inLanguage":"es","@id":"https:\/\/kitdeinicio.com\/canteras\/#\/schema\/logo\/image\/","url":"https:\/\/kitdeinicio.com\/canteras\/wp-content\/uploads\/2025\/10\/canteras-Fernamdez-LOGO-1.png","contentUrl":"https:\/\/kitdeinicio.com\/canteras\/wp-content\/uploads\/2025\/10\/canteras-Fernamdez-LOGO-1.png","width":146,"height":99,"caption":"Canteras Fernandez Pascual"},"image":{"@id":"https:\/\/kitdeinicio.com\/canteras\/#\/schema\/logo\/image\/"}}]}},"_hostinger_reach_plugin_has_subscription_block":false,"_hostinger_reach_plugin_is_elementor":false,"_links":{"self":[{"href":"https:\/\/kitdeinicio.com\/canteras\/wp-json\/wp\/v2\/pages\/595","targetHints":{"allow":["GET"]}}],"collection":[{"href":"https:\/\/kitdeinicio.com\/canteras\/wp-json\/wp\/v2\/pages"}],"about":[{"href":"https:\/\/kitdeinicio.com\/canteras\/wp-json\/wp\/v2\/types\/page"}],"author":[{"embeddable":true,"href":"https:\/\/kitdeinicio.com\/canteras\/wp-json\/wp\/v2\/users\/1"}],"replies":[{"embeddable":true,"href":"https:\/\/kitdeinicio.com\/canteras\/wp-json\/wp\/v2\/comments?post=595"}],"version-history":[{"count":39,"href":"https:\/\/kitdeinicio.com\/canteras\/wp-json\/wp\/v2\/pages\/595\/revisions"}],"predecessor-version":[{"id":1811,"href":"https:\/\/kitdeinicio.com\/canteras\/wp-json\/wp\/v2\/pages\/595\/revisions\/1811"}],"up":[{"embeddable":true,"href":"https:\/\/kitdeinicio.com\/canteras\/wp-json\/wp\/v2\/pages\/120"}],"wp:attachment":[{"href":"https:\/\/kitdeinicio.com\/canteras\/wp-json\/wp\/v2\/media?parent=595"}],"curies":[{"name":"wp","href":"https:\/\/api.w.org\/{rel}","templated":true}]}}