{"id":780,"date":"2025-10-10T20:20:01","date_gmt":"2025-10-10T20:20:01","guid":{"rendered":"https:\/\/kitdeinicio.com\/canteras\/?page_id=780"},"modified":"2025-11-25T15:12:19","modified_gmt":"2025-11-25T14:12:19","slug":"politica-de-cookies","status":"publish","type":"page","link":"https:\/\/kitdeinicio.com\/canteras\/politica-de-cookies\/","title":{"rendered":"Pol\u00edtica de cookies"},"content":{"rendered":"\t\t<div data-elementor-type=\"wp-page\" data-elementor-id=\"780\" class=\"elementor elementor-780\" data-elementor-post-type=\"page\">\n\t\t\t\t\t\t<section class=\"elementor-section elementor-top-section elementor-element elementor-element-ab5bd65 elementor-section-height-min-height elementor-section-stretched elementor-section-boxed elementor-section-height-default elementor-section-items-middle\" data-id=\"ab5bd65\" data-element_type=\"section\" data-e-type=\"section\" data-settings=\"{&quot;background_background&quot;:&quot;classic&quot;,&quot;stretch_section&quot;:&quot;section-stretched&quot;}\">\n\t\t\t\t\t\t\t<div class=\"elementor-background-overlay\"><\/div>\n\t\t\t\t\t\t\t<div class=\"elementor-container elementor-column-gap-default\">\n\t\t\t\t\t<div class=\"elementor-column elementor-col-100 elementor-top-column elementor-element elementor-element-316816f\" data-id=\"316816f\" data-element_type=\"column\" data-e-type=\"column\">\n\t\t\t<div class=\"elementor-widget-wrap elementor-element-populated\">\n\t\t\t\t\t\t<div class=\"elementor-element elementor-element-80f9aa3 elementor-invisible elementor-widget elementor-widget-heading\" data-id=\"80f9aa3\" data-element_type=\"widget\" data-e-type=\"widget\" data-settings=\"{&quot;_animation&quot;:&quot;fadeInUp&quot;,&quot;_animation_delay&quot;:200}\" data-widget_type=\"heading.default\">\n\t\t\t\t\t<h1 class=\"elementor-heading-title elementor-size-default\">Pol\u00edtica de cookies<\/h1>\t\t\t\t<\/div>\n\t\t\t\t\t<\/div>\n\t\t<\/div>\n\t\t\t\t\t<\/div>\n\t\t<\/section>\n\t\t<div class=\"elementor-element elementor-element-4f3aacb9 e-flex e-con-boxed e-con e-parent\" data-id=\"4f3aacb9\" data-element_type=\"container\" data-e-type=\"container\">\n\t\t\t\t\t<div class=\"e-con-inner\">\n\t\t\t\t<div class=\"elementor-element elementor-element-7dc67694 pag_post elementor-widget elementor-widget-text-editor\" data-id=\"7dc67694\" data-element_type=\"widget\" data-e-type=\"widget\" data-widget_type=\"text-editor.default\">\n\t\t\t\t\t\t\t\t\t<p>El dominio www.canterasfernandezpascual.es utiliza procedimientos autom\u00e1ticos de recogida (Cookies) para reunir informaci\u00f3n personal como puede ser el tipo de navegador o sistema operativo, p\u00e1gina de referencia, ruta, dominio ISP (Proveedor de Internet), etc. todo ello con el fin de mejorar los servicios prestados. Las Cookies nos ayudan a adaptar esta p\u00e1gina web a sus necesidades personales.<\/p><p>Una \u00abCookie\u00bb es un peque\u00f1o archivo que se almacena en el ordenador del usuario y nos permite reconocerle. El conjunto de \u00abcookies\u00bb nos ayuda a mejorar la calidad de nuestra web, permiti\u00e9ndonos as\u00ed personalizar hasta cierto punto la navegaci\u00f3n de cada usuario por nuestra web. Las cookies actualmente son esenciales para el funcionamiento de internet, aportando innumerables ventajas en la prestaci\u00f3n de servicios interactivos, facilit\u00e1ndole la navegaci\u00f3n y usabilidad de nuestra web.<\/p><p>Tenga en cuenta que las cookies no pueden da\u00f1ar su equipo y que, a cambio, el que est\u00e9n activadas nos ayudan a identificar y resolver los errores y mejorar la navegabilidad de nuestro sitio.<\/p><p>Tipolog\u00eda de cookies:<\/p><p>Para una mayor informaci\u00f3n del usuario sobre la tipolog\u00eda y uso de las cookies le informamos que:<\/p><p>\u00d8 Desde el punto de vista de \u2018tiempo de vida\u2019 de la cookie (tiempo que la cookie permanece activa en nuestro equipo) podemos diferenciar las cookies entre:<\/p><p>1. Cookies de sesi\u00f3n: son cookies temporales que permanecen en el archivo de cookies de su navegador hasta que abandone la p\u00e1gina web, por lo que ninguna queda registrada en el disco duro del usuario. La informaci\u00f3n obtenida por medio de estas cookies, sirven para analizar pautas de tr\u00e1fico en la web. A la larga, esto nos permite proporcionar una mejor experiencia para mejorar el contenido y facilitando su uso.<\/p><p>2. Cookies persistentes: son almacenadas en el disco duro y nuestra web las lee cada vez que usted realiza una nueva visita. Una cookie permanente posee una fecha de expiraci\u00f3n determinada. La cookie dejar\u00e1 de funcionar despu\u00e9s de esa fecha. Las utilizamos, generalmente, para facilitar la experiencia del usuario recordando sus h\u00e1bitos de navegaci\u00f3n o, en su caso, facilitar los servicios de compra y\/o registro.<\/p><p>\u00d8 Desde el punto de vista de la finalidad de cada cookie, podemos diferenciar entre:<\/p><p>1. Cookies T\u00e9cnicas: son aquellas que permiten al usuario la navegaci\u00f3n a trav\u00e9s de una p\u00e1gina web, plataforma o aplicaci\u00f3n y la utilizaci\u00f3n de las diferentes opciones o servicios que en ella existan, incluyendo aquellas que el editor utiliza para permitir la gesti\u00f3n y operativa de la p\u00e1gina web y habilitar sus funciones y servicios.<\/p><p>Las cookies t\u00e9cnicas, siempre que correspondan a alguno de los siguientes perfiles, estar\u00e1n exceptuadas del cumplimiento de las obligaciones establecidas en el art\u00edculo 22.2 de la LSSI* (es decir, obtenci\u00f3n de consentimiento para su instalaci\u00f3n y uso mediante la existencia de banner de aviso, pol\u00edtica de cookies):<\/p><p>\u00fc Cookies de \u201centrada del usuario\u201d<\/p><p>\u00fc Cookies de autenticaci\u00f3n o identificaci\u00f3n de usuario (\u00fanicamente de sesi\u00f3n)<\/p><p>\u00fc Cookies de seguridad del usuario<\/p><p>\u00fc Cookies de sesi\u00f3n de reproductor multimedia<\/p><p>\u00fc Cookies de sesi\u00f3n para equilibrar la carga<\/p><p>\u00fc Cookies de personalizaci\u00f3n de la interfaz de usuario<\/p><p>\u00fc Cookies de complemento (plug-in) para intercambiar contenidos sociales<\/p><p>* seg\u00fan el Grupo de Trabajo de Expertos de la UE, en el Art\u00edculo 29 de su Dictamen 4\/2012<\/p><p>2. Cookies de preferencias o personalizaci\u00f3n: son aquellas que permiten recordar informaci\u00f3n para que el usuario acceda al servicio con determinadas caracter\u00edsticas que pueden diferenciar su experiencia de la de otros usuarios, como, por ejemplo, el idioma, el n\u00famero de resultados a mostrar cuando el usuario realiza una b\u00fasqueda, el aspecto o contenido del servicio en funci\u00f3n del tipo de navegador a trav\u00e9s del cual el usuario accede al servicio o de la regi\u00f3n desde la que accede al servicio, etc.<\/p><p>Si es el propio usuario quien elige esas caracter\u00edsticas (por ejemplo, si selecciona el idioma de un sitio web clicando en el icono de la bandera del pa\u00eds correspondiente), las cookies estar\u00e1n exceptuadas de las obligaciones del art\u00edculo 22.2 de la LSSI por considerarse un servicio expresamente solicitado por el usuario, y ello siempre y cuando las cookies obedezcan exclusivamente a la finalidad seleccionada.<\/p><p>3. Cookies de an\u00e1lisis o medici\u00f3n: son aquellas que permiten al responsable de estas el seguimiento y an\u00e1lisis del comportamiento de los usuarios de los sitios web a los que est\u00e1n vinculadas, incluida la cuantificaci\u00f3n de los impactos de los anuncios. La informaci\u00f3n recogida mediante este tipo de cookies se utiliza en la medici\u00f3n de la actividad de los sitios web, aplicaci\u00f3n o plataforma, con el fin de introducir mejoras en funci\u00f3n del an\u00e1lisis de los datos de uso que hacen los usuarios del servicio.<\/p><p>4. Cookies de publicidad comportamental: son aquellas que almacenan informaci\u00f3n del comportamiento de los usuarios obtenida a trav\u00e9s de la observaci\u00f3n continuada de sus h\u00e1bitos de navegaci\u00f3n, lo que permite desarrollar un perfil espec\u00edfico para mostrar publicidad en funci\u00f3n de este.<\/p><p>\u00d8 Como \u00faltimo, desde el punto de vista de la entidad que gestiona las cookies, podemos diferenciar entre:<\/p><p>1. Cookies propias: son aquellas que se env\u00edan al equipo terminal del usuario desde un equipo o dominio gestionado por el propio editor y desde el que se presta el servicio solicitado por el usuario.<\/p><p>2. Cookies de tercero: son aquellas que se env\u00edan al equipo terminal del usuario desde un equipo o dominio que no es gestionado por el editor, sino por otra entidad que trata los datos obtenidos trav\u00e9s de las cookies.<\/p><p>CANTERAS FERNANDEZ PASCUAL, S.L.. guarda toda la informaci\u00f3n recogida a trav\u00e9s de las Cookies en un formato no personalizado (direcci\u00f3n de IP). Este tipo de informaci\u00f3n obtenida a trav\u00e9s de las Cookies no ser\u00e1 revelado fuera de CANTERAS FERNANDEZ PASCUAL, S.L.salvo en aquellos casos indicados en el apartado \u2018Relaci\u00f3n y descripci\u00f3n de cookies\u2019, ni utilizada para comunicaciones no solicitadas.<\/p>\t\t\t\t\t\t\t\t<\/div>\n\t\t\t\t<div class=\"elementor-element elementor-element-2a193965 elementor-widget elementor-widget-spacer\" data-id=\"2a193965\" data-element_type=\"widget\" data-e-type=\"widget\" data-widget_type=\"spacer.default\">\n\t\t\t\t\t\t\t<div class=\"elementor-spacer\">\n\t\t\t<div class=\"elementor-spacer-inner\"><\/div>\n\t\t<\/div>\n\t\t\t\t\t\t<\/div>\n\t\t\t\t\t<\/div>\n\t\t\t\t<\/div>\n\t\t\t\t<\/div>\n\t\t","protected":false},"excerpt":{"rendered":"<p>Pol\u00edtica de cookies El dominio www.canterasfernandezpascual.es utiliza procedimientos autom\u00e1ticos de recogida (Cookies) para reunir informaci\u00f3n personal como puede ser el [&hellip;]<\/p>\n","protected":false},"author":1,"featured_media":0,"parent":0,"menu_order":0,"comment_status":"closed","ping_status":"closed","template":"","meta":{"site-sidebar-layout":"default","site-content-layout":"","ast-site-content-layout":"default","site-content-style":"default","site-sidebar-style":"default","ast-global-header-display":"","ast-banner-title-visibility":"","ast-main-header-display":"","ast-hfb-above-header-display":"","ast-hfb-below-header-display":"","ast-hfb-mobile-header-display":"","site-post-title":"disabled","ast-breadcrumbs-content":"","ast-featured-img":"","footer-sml-layout":"","ast-disable-related-posts":"","theme-transparent-header-meta":"","adv-header-id-meta":"","stick-header-meta":"","header-above-stick-meta":"","header-main-stick-meta":"","header-below-stick-meta":"","astra-migrate-meta-layouts":"default","ast-page-background-enabled":"default","ast-page-background-meta":{"desktop":{"background-color":"var(--ast-global-color-5)","background-image":"","background-repeat":"repeat","background-position":"center center","background-size":"auto","background-attachment":"scroll","background-type":"","background-media":"","overlay-type":"","overlay-color":"","overlay-opacity":"","overlay-gradient":""},"tablet":{"background-color":"","background-image":"","background-repeat":"repeat","background-position":"center center","background-size":"auto","background-attachment":"scroll","background-type":"","background-media":"","overlay-type":"","overlay-color":"","overlay-opacity":"","overlay-gradient":""},"mobile":{"background-color":"","background-image":"","background-repeat":"repeat","background-position":"center center","background-size":"auto","background-attachment":"scroll","background-type":"","background-media":"","overlay-type":"","overlay-color":"","overlay-opacity":"","overlay-gradient":""}},"ast-content-background-meta":{"desktop":{"background-color":"var(--ast-global-color-4)","background-image":"","background-repeat":"repeat","background-position":"center center","background-size":"auto","background-attachment":"scroll","background-type":"","background-media":"","overlay-type":"","overlay-color":"","overlay-opacity":"","overlay-gradient":""},"tablet":{"background-color":"var(--ast-global-color-4)","background-image":"","background-repeat":"repeat","background-position":"center center","background-size":"auto","background-attachment":"scroll","background-type":"","background-media":"","overlay-type":"","overlay-color":"","overlay-opacity":"","overlay-gradient":""},"mobile":{"background-color":"var(--ast-global-color-4)","background-image":"","background-repeat":"repeat","background-position":"center center","background-size":"auto","background-attachment":"scroll","background-type":"","background-media":"","overlay-type":"","overlay-color":"","overlay-opacity":"","overlay-gradient":""}},"footnotes":""},"class_list":["post-780","page","type-page","status-publish","hentry"],"yoast_head":"<!-- This site is optimized with the Yoast SEO plugin v27.4 - https:\/\/yoast.com\/product\/yoast-seo-wordpress\/ -->\n<title>Pol\u00edtica de cookies - Canteras Fernandez Pascual<\/title>\n<meta name=\"robots\" content=\"index, follow, max-snippet:-1, max-image-preview:large, max-video-preview:-1\" \/>\n<link rel=\"canonical\" href=\"https:\/\/kitdeinicio.com\/canteras\/politica-de-cookies\/\" \/>\n<meta property=\"og:locale\" content=\"es_ES\" \/>\n<meta property=\"og:type\" content=\"article\" \/>\n<meta property=\"og:title\" content=\"Pol\u00edtica de cookies - Canteras Fernandez Pascual\" \/>\n<meta property=\"og:description\" content=\"Pol\u00edtica de cookies El dominio www.canterasfernandezpascual.es utiliza procedimientos autom\u00e1ticos de recogida (Cookies) para reunir informaci\u00f3n personal como puede ser el [&hellip;]\" \/>\n<meta property=\"og:url\" content=\"https:\/\/kitdeinicio.com\/canteras\/politica-de-cookies\/\" \/>\n<meta property=\"og:site_name\" content=\"Canteras Fernandez Pascual\" \/>\n<meta property=\"article:modified_time\" content=\"2025-11-25T14:12:19+00:00\" \/>\n<meta name=\"twitter:card\" content=\"summary_large_image\" \/>\n<meta name=\"twitter:label1\" content=\"Tiempo de lectura\" \/>\n\t<meta name=\"twitter:data1\" content=\"5 minutos\" \/>\n<script type=\"application\/ld+json\" class=\"yoast-schema-graph\">{\"@context\":\"https:\\\/\\\/schema.org\",\"@graph\":[{\"@type\":\"WebPage\",\"@id\":\"https:\\\/\\\/kitdeinicio.com\\\/canteras\\\/politica-de-cookies\\\/\",\"url\":\"https:\\\/\\\/kitdeinicio.com\\\/canteras\\\/politica-de-cookies\\\/\",\"name\":\"Pol\u00edtica de cookies - Canteras Fernandez Pascual\",\"isPartOf\":{\"@id\":\"https:\\\/\\\/kitdeinicio.com\\\/canteras\\\/#website\"},\"datePublished\":\"2025-10-10T20:20:01+00:00\",\"dateModified\":\"2025-11-25T14:12:19+00:00\",\"breadcrumb\":{\"@id\":\"https:\\\/\\\/kitdeinicio.com\\\/canteras\\\/politica-de-cookies\\\/#breadcrumb\"},\"inLanguage\":\"es\",\"potentialAction\":[{\"@type\":\"ReadAction\",\"target\":[\"https:\\\/\\\/kitdeinicio.com\\\/canteras\\\/politica-de-cookies\\\/\"]}]},{\"@type\":\"BreadcrumbList\",\"@id\":\"https:\\\/\\\/kitdeinicio.com\\\/canteras\\\/politica-de-cookies\\\/#breadcrumb\",\"itemListElement\":[{\"@type\":\"ListItem\",\"position\":1,\"name\":\"Portada\",\"item\":\"https:\\\/\\\/kitdeinicio.com\\\/canteras\\\/\"},{\"@type\":\"ListItem\",\"position\":2,\"name\":\"Pol\u00edtica de cookies\"}]},{\"@type\":\"WebSite\",\"@id\":\"https:\\\/\\\/kitdeinicio.com\\\/canteras\\\/#website\",\"url\":\"https:\\\/\\\/kitdeinicio.com\\\/canteras\\\/\",\"name\":\"Canteras Fernandez Pascual\",\"description\":\"Cantera de \u00e1ridos calizos en La Rioja\",\"publisher\":{\"@id\":\"https:\\\/\\\/kitdeinicio.com\\\/canteras\\\/#organization\"},\"potentialAction\":[{\"@type\":\"SearchAction\",\"target\":{\"@type\":\"EntryPoint\",\"urlTemplate\":\"https:\\\/\\\/kitdeinicio.com\\\/canteras\\\/?s={search_term_string}\"},\"query-input\":{\"@type\":\"PropertyValueSpecification\",\"valueRequired\":true,\"valueName\":\"search_term_string\"}}],\"inLanguage\":\"es\"},{\"@type\":\"Organization\",\"@id\":\"https:\\\/\\\/kitdeinicio.com\\\/canteras\\\/#organization\",\"name\":\"Canteras Fernandez Pascual\",\"url\":\"https:\\\/\\\/kitdeinicio.com\\\/canteras\\\/\",\"logo\":{\"@type\":\"ImageObject\",\"inLanguage\":\"es\",\"@id\":\"https:\\\/\\\/kitdeinicio.com\\\/canteras\\\/#\\\/schema\\\/logo\\\/image\\\/\",\"url\":\"https:\\\/\\\/kitdeinicio.com\\\/canteras\\\/wp-content\\\/uploads\\\/2025\\\/10\\\/canteras-Fernamdez-LOGO-1.png\",\"contentUrl\":\"https:\\\/\\\/kitdeinicio.com\\\/canteras\\\/wp-content\\\/uploads\\\/2025\\\/10\\\/canteras-Fernamdez-LOGO-1.png\",\"width\":146,\"height\":99,\"caption\":\"Canteras Fernandez Pascual\"},\"image\":{\"@id\":\"https:\\\/\\\/kitdeinicio.com\\\/canteras\\\/#\\\/schema\\\/logo\\\/image\\\/\"}}]}<\/script>\n<!-- \/ Yoast SEO plugin. -->","yoast_head_json":{"title":"Pol\u00edtica de cookies - Canteras Fernandez Pascual","robots":{"index":"index","follow":"follow","max-snippet":"max-snippet:-1","max-image-preview":"max-image-preview:large","max-video-preview":"max-video-preview:-1"},"canonical":"https:\/\/kitdeinicio.com\/canteras\/politica-de-cookies\/","og_locale":"es_ES","og_type":"article","og_title":"Pol\u00edtica de cookies - Canteras Fernandez Pascual","og_description":"Pol\u00edtica de cookies El dominio www.canterasfernandezpascual.es utiliza procedimientos autom\u00e1ticos de recogida (Cookies) para reunir informaci\u00f3n personal como puede ser el [&hellip;]","og_url":"https:\/\/kitdeinicio.com\/canteras\/politica-de-cookies\/","og_site_name":"Canteras Fernandez Pascual","article_modified_time":"2025-11-25T14:12:19+00:00","twitter_card":"summary_large_image","twitter_misc":{"Tiempo de lectura":"5 minutos"},"schema":{"@context":"https:\/\/schema.org","@graph":[{"@type":"WebPage","@id":"https:\/\/kitdeinicio.com\/canteras\/politica-de-cookies\/","url":"https:\/\/kitdeinicio.com\/canteras\/politica-de-cookies\/","name":"Pol\u00edtica de cookies - Canteras Fernandez Pascual","isPartOf":{"@id":"https:\/\/kitdeinicio.com\/canteras\/#website"},"datePublished":"2025-10-10T20:20:01+00:00","dateModified":"2025-11-25T14:12:19+00:00","breadcrumb":{"@id":"https:\/\/kitdeinicio.com\/canteras\/politica-de-cookies\/#breadcrumb"},"inLanguage":"es","potentialAction":[{"@type":"ReadAction","target":["https:\/\/kitdeinicio.com\/canteras\/politica-de-cookies\/"]}]},{"@type":"BreadcrumbList","@id":"https:\/\/kitdeinicio.com\/canteras\/politica-de-cookies\/#breadcrumb","itemListElement":[{"@type":"ListItem","position":1,"name":"Portada","item":"https:\/\/kitdeinicio.com\/canteras\/"},{"@type":"ListItem","position":2,"name":"Pol\u00edtica de cookies"}]},{"@type":"WebSite","@id":"https:\/\/kitdeinicio.com\/canteras\/#website","url":"https:\/\/kitdeinicio.com\/canteras\/","name":"Canteras Fernandez Pascual","description":"Cantera de \u00e1ridos calizos en La Rioja","publisher":{"@id":"https:\/\/kitdeinicio.com\/canteras\/#organization"},"potentialAction":[{"@type":"SearchAction","target":{"@type":"EntryPoint","urlTemplate":"https:\/\/kitdeinicio.com\/canteras\/?s={search_term_string}"},"query-input":{"@type":"PropertyValueSpecification","valueRequired":true,"valueName":"search_term_string"}}],"inLanguage":"es"},{"@type":"Organization","@id":"https:\/\/kitdeinicio.com\/canteras\/#organization","name":"Canteras Fernandez Pascual","url":"https:\/\/kitdeinicio.com\/canteras\/","logo":{"@type":"ImageObject","inLanguage":"es","@id":"https:\/\/kitdeinicio.com\/canteras\/#\/schema\/logo\/image\/","url":"https:\/\/kitdeinicio.com\/canteras\/wp-content\/uploads\/2025\/10\/canteras-Fernamdez-LOGO-1.png","contentUrl":"https:\/\/kitdeinicio.com\/canteras\/wp-content\/uploads\/2025\/10\/canteras-Fernamdez-LOGO-1.png","width":146,"height":99,"caption":"Canteras Fernandez Pascual"},"image":{"@id":"https:\/\/kitdeinicio.com\/canteras\/#\/schema\/logo\/image\/"}}]}},"_hostinger_reach_plugin_has_subscription_block":false,"_hostinger_reach_plugin_is_elementor":false,"_links":{"self":[{"href":"https:\/\/kitdeinicio.com\/canteras\/wp-json\/wp\/v2\/pages\/780","targetHints":{"allow":["GET"]}}],"collection":[{"href":"https:\/\/kitdeinicio.com\/canteras\/wp-json\/wp\/v2\/pages"}],"about":[{"href":"https:\/\/kitdeinicio.com\/canteras\/wp-json\/wp\/v2\/types\/page"}],"author":[{"embeddable":true,"href":"https:\/\/kitdeinicio.com\/canteras\/wp-json\/wp\/v2\/users\/1"}],"replies":[{"embeddable":true,"href":"https:\/\/kitdeinicio.com\/canteras\/wp-json\/wp\/v2\/comments?post=780"}],"version-history":[{"count":13,"href":"https:\/\/kitdeinicio.com\/canteras\/wp-json\/wp\/v2\/pages\/780\/revisions"}],"predecessor-version":[{"id":1838,"href":"https:\/\/kitdeinicio.com\/canteras\/wp-json\/wp\/v2\/pages\/780\/revisions\/1838"}],"wp:attachment":[{"href":"https:\/\/kitdeinicio.com\/canteras\/wp-json\/wp\/v2\/media?parent=780"}],"curies":[{"name":"wp","href":"https:\/\/api.w.org\/{rel}","templated":true}]}}